{"id":66,"date":"2024-08-14T18:03:53","date_gmt":"2024-08-14T16:03:53","guid":{"rendered":"https:\/?page_id=66"},"modified":"2025-02-11T11:57:41","modified_gmt":"2025-02-11T10:57:41","slug":"mentions-legales","status":"publish","type":"page","link":"https:\/\/vegavtc.fr\/en\/mentions-legales\/","title":{"rendered":"LEGAL NOTICE"},"content":{"rendered":"<p><strong>Mentions l\u00e9gales<\/strong><br>En vertu de l\u2019article 6 de la loi n\u00b0 2004-575 du 21 juin 2004 pour la confiance dans l\u2019\u00e9conomie num\u00e9rique, il est pr\u00e9cis\u00e9 aux utilisateurs du site reserver-un-vtc.fr l\u2019identit\u00e9 des diff\u00e9rents intervenants dans le cadre de sa r\u00e9alisation et de son suivi :<\/p>\n\n\n\n<p>Propri\u00e9taire : VEGA VTC<br>Forme juridique : SASU<br>SIREN: 899 489 694<br>Adresse: 88 Boulevard Pr\u00e9sident Wilson, 06160 Antibes<br>Responsable publication : Sataev Alikhan \u2013 miradge2024@gmail.com<br>H\u00e9bergeur du site Internet : Hostinger, 61 Lordou Vironos Street, 6023 Larnaca, Chypre<\/p>","protected":false},"excerpt":{"rendered":"<p>Mentions l\u00e9galesEn vertu de l\u2019article 6 de la loi n\u00b0 2004-575 du 21 juin 2004 pour la confiance dans l\u2019\u00e9conomie num\u00e9rique, il est pr\u00e9cis\u00e9 aux utilisateurs du site reserver-un-vtc.fr l\u2019identit\u00e9 des diff\u00e9rents intervenants dans le cadre de sa r\u00e9alisation et de son suivi : Propri\u00e9taire : VEGA VTCForme juridique : SASUSIREN: 899 489 694Adresse: 88 Boulevard Pr\u00e9sident Wilson, 06160 AntibesResponsable publication : Sataev Alikhan \u2013 miradge2024@gmail.comH\u00e9bergeur du site Internet : Hostinger, 61 Lordou Vironos Street, 6023 Larnaca, Chypre<\/p>","protected":false},"author":1,"featured_media":0,"parent":0,"menu_order":0,"comment_status":"closed","ping_status":"closed","template":"","meta":{"footnotes":""},"class_list":["post-66","page","type-page","status-publish","hentry"],"aioseo_notices":[],"_links":{"self":[{"href":"https:\/\/vegavtc.fr\/en\/wp-json\/wp\/v2\/pages\/66","targetHints":{"allow":["GET"]}}],"collection":[{"href":"https:\/\/vegavtc.fr\/en\/wp-json\/wp\/v2\/pages"}],"about":[{"href":"https:\/\/vegavtc.fr\/en\/wp-json\/wp\/v2\/types\/page"}],"author":[{"embeddable":true,"href":"https:\/\/vegavtc.fr\/en\/wp-json\/wp\/v2\/users\/1"}],"replies":[{"embeddable":true,"href":"https:\/\/vegavtc.fr\/en\/wp-json\/wp\/v2\/comments?post=66"}],"version-history":[{"count":3,"href":"https:\/\/vegavtc.fr\/en\/wp-json\/wp\/v2\/pages\/66\/revisions"}],"predecessor-version":[{"id":446,"href":"https:\/\/vegavtc.fr\/en\/wp-json\/wp\/v2\/pages\/66\/revisions\/446"}],"wp:attachment":[{"href":"https:\/\/vegavtc.fr\/en\/wp-json\/wp\/v2\/media?parent=66"}],"curies":[{"name":"wp","href":"https:\/\/api.w.org\/{rel}","templated":true}]}}